
{"id":1088,"date":"2017-11-21T20:06:42","date_gmt":"2017-11-21T18:06:42","guid":{"rendered":"https:\/\/cipsi.lv\/?page_id=1088"},"modified":"2024-08-02T12:56:54","modified_gmt":"2024-08-02T09:56:54","slug":"about-us","status":"publish","type":"page","link":"https:\/\/cipsi.lv\/en\/about-us\/","title":{"rendered":"About us"},"content":{"rendered":"<p><strong>\u201d\u0100da\u017eu \u010dipsi\u201d\u2019 \u2013 Tasty Company<\/strong><\/p>\n<p>Being together with friends is not imaginable without the presence of potato chips. It&#8217;s a simple and tasty way to turn every day into a small celebration and create a sense of community.<br \/>\nChoose from a variety of flavours that everyone will enjoy!<br \/>\nWhile eating \u201d\u0100da\u017eu \u010dipsi\u2018\u2019, all your daily stress stays behind and you can fully enjoy your stay with people who are close to you.<\/p>\n<p>Only the popular taste of \u201d\u0100da\u017eu \u010dipsi\u201d is loved so much and is able to unite people!<\/p>\n<p>\u201d\u0100da\u017eu \u010dipsi\u201d &#8211; the taste that brings people together.<\/p>\n<p>&nbsp;<\/p>\n<p><strong>\u201c\u0100da\u017eu \u010dipsi\u201d\u00a0<\/strong><\/p>\n<p><strong>Our mission<\/strong> is to unite people by providing them with a perfect salty snack in any life situation.<br \/>\n<strong>Our vision<\/strong> is to inspire everyone to enjoy a delicious being together.<\/p>\n","protected":false},"excerpt":{"rendered":"<p>\u201d\u0100da\u017eu \u010dipsi\u201d\u2019 \u2013 Tasty Company Being together with friends is not imaginable without the presence of potato chips. It&#8217;s a simple and tasty way to [&hellip;]<\/p>\n","protected":false},"author":3,"featured_media":3821,"parent":0,"menu_order":0,"comment_status":"closed","ping_status":"closed","template":"page-par-mums.php","meta":{"inline_featured_image":false,"footnotes":""},"class_list":["post-1088","page","type-page","status-publish","has-post-thumbnail","hentry"],"aioseo_notices":[],"_links":{"self":[{"href":"https:\/\/cipsi.lv\/en\/wp-json\/wp\/v2\/pages\/1088","targetHints":{"allow":["GET"]}}],"collection":[{"href":"https:\/\/cipsi.lv\/en\/wp-json\/wp\/v2\/pages"}],"about":[{"href":"https:\/\/cipsi.lv\/en\/wp-json\/wp\/v2\/types\/page"}],"author":[{"embeddable":true,"href":"https:\/\/cipsi.lv\/en\/wp-json\/wp\/v2\/users\/3"}],"replies":[{"embeddable":true,"href":"https:\/\/cipsi.lv\/en\/wp-json\/wp\/v2\/comments?post=1088"}],"version-history":[{"count":7,"href":"https:\/\/cipsi.lv\/en\/wp-json\/wp\/v2\/pages\/1088\/revisions"}],"predecessor-version":[{"id":4820,"href":"https:\/\/cipsi.lv\/en\/wp-json\/wp\/v2\/pages\/1088\/revisions\/4820"}],"wp:featuredmedia":[{"embeddable":true,"href":"https:\/\/cipsi.lv\/en\/wp-json\/wp\/v2\/media\/3821"}],"wp:attachment":[{"href":"https:\/\/cipsi.lv\/en\/wp-json\/wp\/v2\/media?parent=1088"}],"curies":[{"name":"wp","href":"https:\/\/api.w.org\/{rel}","templated":true}]}}